{"id":147,"date":"2020-09-04T14:20:16","date_gmt":"2020-09-04T14:20:16","guid":{"rendered":"https:\/\/proveil.es\/?page_id=147"},"modified":"2021-04-26T11:20:46","modified_gmt":"2021-04-26T10:20:46","slug":"politica-de-cookies","status":"publish","type":"page","link":"https:\/\/proveil.es\/blog\/politica-de-cookies\/","title":{"rendered":"Politica de cookies"},"content":{"rendered":"  <div id=\"page-header-1563003315\" class=\"page-header-wrapper\">\n  <div class=\"page-title dark featured-title\">\n\n    \n    <div class=\"page-title-inner container align-center flex-row medium-flex-wrap\" >\n              <div class=\"title-wrapper uppercase flex-col text-left medium-text-center\">\n          <h1 class=\"entry-title mb-0\">\n            Politica de cookies          <\/h1>\n        <\/div>\n                    <div class=\"title-content flex-col flex-right text-right medium-text-center\">\n              <\/div>\n    <\/div>\n\n       <\/div>\n    <\/div>\n  \n\t<section class=\"section justificado\" id=\"section_1287623921\">\n\t\t<div class=\"bg section-bg fill bg-fill  bg-loaded\" >\n\n\t\t\t\n\t\t\t\n\t\t\t\n\n\t\t<\/div>\n\n\t\t<div class=\"section-content relative\">\n\t\t\t\n<div class=\"row\"  id=\"row-831200336\">\n\n\t<div id=\"col-916729626\" class=\"col small-12 large-12\"  >\n\t\t<div class=\"col-inner\"  >\n\t\t\t\n\t\t\t\n<h4><strong>1. Introducci\u00f3n<\/strong><\/h4>\n<p>BIOINICIA, S.L. (o \u201cnosotros\u201d) es el titular de este de esta web\/app. Nosotros, en nuestra condici\u00f3n de responsables del tratamiento, usamos cookies con la finalidad de permitir la funcionalidad de nuestros servicios; analizar el tr\u00e1fico, lo que nos permite gestionar y controlar el funcionamiento de nuestros servicios, as\u00ed como mejorar los servicios que ofrecemos.<br \/>\nSin embargo, puedes decidir prestar su consentimiento para aceptar, ajustar o rechazar estas cookies. Aqu\u00ed te mostramos m\u00e1s informaci\u00f3n sobre nuestras cookies. Por favor recuerda que, se precisar\u00e1 la obtenci\u00f3n de su consentimiento informado mediante una clara acci\u00f3n afirmativa, \u00fanicamente para el uso de las cookies que as\u00ed lo requieran. Adem\u00e1s, en el siguiente enlace podr\u00e9is encontrar m\u00e1s informaci\u00f3n sobre protecci\u00f3n de datos.<\/p>\n<h4><strong>2. Informaci\u00f3n sobre las cookies.<\/strong><\/h4>\n<p>2.1 \u00bfQu\u00e9 es una cookie?<br \/>\nLas \u201ccookies\u201d son archivos de texto comprimidos que permiten guardar datos espec\u00edficamente relacionados con el dispositivo que se usa cuando vistas una web o haces uso de una app. Las cookies son solamente datos, no es software ni script (c\u00f3digo). Las cookies son imprescindibles para que funcione nuestra web\/app. Por lo general, son \u00fatiles para que la web\/app se adapta a vuestra configuraci\u00f3n o gustos, y para almacenar datos sobre la visita o para poder guardar una sesi\u00f3n de navegaci\u00f3n. Sin embargo, \u00e9stos no son sus \u00fanicas finalidades.<br \/>\nLas cookies NO son virus. Las cookies tienen un formato de texto sencillo. No son fragmentos codificados, as\u00ed, que ni pueden ser ejecutadas ni mucho menos se ejecutan autom\u00e1ticamente.<\/p>\n<p><strong>2.2 Tipos y definici\u00f3n de cookies que usamos.<\/strong><\/p>\n<p>Podemos definir las cookies atendiendo a criterios como, su titularidad o qui\u00e9n las gestiona, y su duraci\u00f3n en el equipo; podemos encontrar los siguientes tipos:<\/p>\n<p>\u25cf Cookies propias: son aquellas que se env\u00edan al equipo terminal del usuario desde un equipo o dominio gestionado por el propio editor y desde el que se presta el servicio solicitado por el usuario.<br \/>\n\u25cf Cookies de tercero: son aquellas que se env\u00edan al equipo terminal del usuario desde un equipo o dominio que no es gestionado por el editor, sino por otra entidad que trata los datos obtenidos trav\u00e9s de las cookies.<br \/>\n\u25cf Cookies de sesi\u00f3n: son aquellas dise\u00f1adas para recabar y almacenar datos mientras el usuario accede a una p\u00e1gina web. Se suelen emplear para almacenar informaci\u00f3n que solo interesa conservar para la prestaci\u00f3n del servicio solicitado por el usuario en una sola ocasi\u00f3n (por ejemplo, una lista de productos adquiridos) y desaparecen al terminar la sesi\u00f3n.<\/p>\n<p>\u25cf Cookies persistentes: son aquellas en las que los datos siguen almacenados en el terminal y pueden ser accedidos y tratados durante un periodo definido por el responsable de la cookie, y que puede ir de unos minutos a varios a\u00f1os.<\/p>\n<p>En las tablas que aparecen en el siguiente apartado, podr\u00e1 encontrar detallada la informaci\u00f3n sobre la titularidad de cada uno de los tipos de cookies que utilizamos cuando usted visita nuestra web, aquellas cuyo destinatario sea BIOINICIA ser\u00e1n las consideradas propias y, el resto, corresponder\u00e1n a terceros.<\/p>\n<h4><strong>2.3 Tipos de cookies por finalidad.<\/strong><\/h4>\n<p>Sin embargo, generalmente las cookies se categorizan tambi\u00e9n por su funcionalidad:<br \/>\n\u25cf T\u00e9cnicas: dedicadas al mantenimiento y funcionamiento de la web. Estas cookies son estrictamente necesarias, dado que se requieren para el uso y el acceso a la web, as\u00ed como a los servicios ofrecidos a trav\u00e9s de la misma. Por ejemplo, las cookies t\u00e9cnicas son aquellas relacionados con la comunicaci\u00f3n y el intercambio de datos, o aquellas requeridas para verificar su identidad cuando Usted inicia sesi\u00f3n en su cuenta de usuario.<br \/>\nNosotros usamos cookies propias y de terceros para los fines mencionados anteriormente.<br \/>\nAqu\u00ed podr\u00e1s comprobar las cookies que utilizamos para estos fines:<\/p>\n<table width=\"720\">\n<tbody>\n<tr>\n<td width=\"88\"><strong>ORIGEN COOKIES<\/strong><\/td>\n<td width=\"62\"><strong>ORIGEN DATOS<\/strong><\/td>\n<td width=\"149\"><strong>NOMBRE<\/strong><\/td>\n<td width=\"119\"><strong>CATEGOR\u00cdAS DATOS<\/strong><\/td>\n<td width=\"104\"><strong>DESTINATARIOS<\/strong><\/td>\n<td width=\"104\"><strong>FINALIDADES<\/strong><\/td>\n<td width=\"95\"><strong>DURACI\u00d3N<\/strong><\/td>\n<\/tr>\n<tr>\n<td width=\"88\">Woocomme rce<\/td>\n<td width=\"62\">Usuario<\/td>\n<td width=\"149\">woocommerce_cart_h ash<\/td>\n<td width=\"119\">Tr\u00e1fico\/Naveg- aci\u00f3n<\/td>\n<td width=\"104\">Bioinicia<\/td>\n<td width=\"104\">Informaci\u00f3n sobre el carrito de compra.<\/td>\n<td width=\"95\">Duraci\u00f3n de la sesi\u00f3n<\/td>\n<\/tr>\n<tr>\n<td width=\"88\">Woocomme rce<\/td>\n<td width=\"62\">Usuario<\/td>\n<td width=\"149\">woocommerce_cart_h ash<\/td>\n<td width=\"119\">Tr\u00e1fico\/Naveg- aci\u00f3n<\/td>\n<td width=\"104\">Bioinicia<\/td>\n<td width=\"104\">Informaci\u00f3n sobre el carrito de compra.<\/td>\n<td width=\"95\">Duraci\u00f3n de la sesi\u00f3n<\/td>\n<\/tr>\n<tr>\n<td width=\"88\">Woocomme rce<\/td>\n<td width=\"62\">Usuario<\/td>\n<td width=\"149\">woocommerce_cart_h ash<\/td>\n<td width=\"119\">Tr\u00e1fico\/Naveg- aci\u00f3n<\/td>\n<td width=\"104\">Bioinicia<\/td>\n<td width=\"104\">C\u00f3digo \u00fanico de identificaci\u00f3n de cliente y carrito que se puede enlazar con cookies de sesi\u00f3n para identificar usuarios registrados<\/td>\n<td width=\"95\">2 d\u00edas<\/td>\n<\/tr>\n<tr>\n<td width=\"88\">Google Fonts<\/td>\n<td width=\"62\">Usuario<\/td>\n<td width=\"149\">tcb_google_fonts<\/td>\n<td width=\"119\">Identificaci\u00f3n<\/td>\n<td width=\"104\"><\/td>\n<td width=\"104\">Solicitud de direcci\u00f3n IP cuando se visita la web<\/td>\n<td width=\"95\"><\/td>\n<\/tr>\n<\/tbody>\n<\/table>\n<p>\u25cf Preferencias o configuraci\u00f3n: son aquellas que permiten recordar informaci\u00f3n para que el usuario acceda al servicio con determinadas caracter\u00edsticas que pueden diferenciar su experiencia de la de otros usuarios, como, por ejemplo, el idioma, el n\u00famero de resultados a mostrar.<\/p>\n<table width=\"720\">\n<tbody>\n<tr>\n<td width=\"88\"><strong>ORIGEN COOKIES<\/strong><\/td>\n<td width=\"62\"><strong>ORIGEN DATOS<\/strong><\/td>\n<td width=\"149\"><strong>NOMBRE<\/strong><\/td>\n<td width=\"119\"><strong>CATEGOR\u00cdAS DATOS<\/strong><\/td>\n<td width=\"104\"><strong>DESTINATARIOS<\/strong><\/td>\n<td width=\"104\"><strong>FINALIDADES<\/strong><\/td>\n<td width=\"95\"><strong>DURACI\u00d3N<\/strong><\/td>\n<\/tr>\n<tr>\n<td width=\"88\">WordPress<\/td>\n<td width=\"62\">Usuario<\/td>\n<td width=\"149\">wordpress_test _cookie<\/td>\n<td width=\"119\">Tr\u00e1fico\/Naveg- aci\u00f3n<\/td>\n<td width=\"104\">WordPress<\/td>\n<td width=\"104\">Cookie funcional utilizada para probar si el navegado r puede aceptar cookies.<\/td>\n<td width=\"95\">1 a\u00f1o<\/td>\n<\/tr>\n<tr>\n<td width=\"88\">WordPress<\/td>\n<td width=\"62\">Usuario<\/td>\n<td width=\"149\">wordpress_test _cookie<\/td>\n<td width=\"119\">Metadatos<\/td>\n<td width=\"104\">WordPress<\/td>\n<td width=\"104\">Esta se utiliza para personalizar su vista de la interfaz de administraci\u00f3n, y posiblemente tambi\u00e9n la del sitio principal.<\/td>\n<td width=\"95\">sesi\u00f3n<\/td>\n<\/tr>\n<tr>\n<td width=\"88\">WordPress<\/td>\n<td width=\"62\">Usuario<\/td>\n<td width=\"149\">wp-settings-1<\/td>\n<td width=\"119\">Metadatos<\/td>\n<td width=\"104\">WordPress<\/td>\n<td width=\"104\">Esta se utiliza para personalizar su vista de la interfaz de administraci\u00f3n, y posiblemente tambi\u00e9n la del sitio principal.<\/td>\n<td width=\"95\">1 a\u00f1o<\/td>\n<\/tr>\n<tr>\n<td width=\"88\">WordPress<\/td>\n<td width=\"62\">Usuario<\/td>\n<td width=\"149\">wordpress_sec_<\/td>\n<td width=\"119\">Identificaci\u00f3n<\/td>\n<td width=\"104\">WordPress<\/td>\n<td width=\"104\">Utilizada para mantener la sesi\u00f3n para un usuario registrado<\/td>\n<td width=\"95\"><\/td>\n<\/tr>\n<tr>\n<td width=\"88\">WordPress<\/td>\n<td width=\"62\">Usuario<\/td>\n<td width=\"149\">wordpress_logg ed_in_:<\/td>\n<td width=\"119\">Identificaci\u00f3n<\/td>\n<td width=\"104\">WordPress<\/td>\n<td width=\"104\">Para identificar al usuario que inici\u00f3 sesi\u00f3n<\/td>\n<td width=\"95\"><\/td>\n<\/tr>\n<tr>\n<td width=\"88\">GDPR Cookie Compliance<\/td>\n<td width=\"62\">Usuario<\/td>\n<td width=\"149\">moove_gdpr_po pup<\/td>\n<td width=\"119\">Tr\u00e1fico\/Navegac i\u00f3n<\/td>\n<td width=\"104\">WordPress<\/td>\n<td width=\"104\">Estas cookies se utilizan para guardar sus preferencias de configuraci\u00f3n de cookies<\/td>\n<td width=\"95\">sesi\u00f3n<\/td>\n<\/tr>\n<\/tbody>\n<\/table>\n<p>\u25cf De an\u00e1lisis: son aquellas que, tratadas por nosotros o por terceros, nos permiten cuantificar el n\u00famero de usuarios y as\u00ed realizar la medici\u00f3n y an\u00e1lisis estad\u00edstico de la utilizaci\u00f3n que hacen los usuarios del servicio ofertado. Para ello se analiza su navegaci\u00f3n en nuestra web con el fin de mejorar la oferta de productos o servicios que le ofrecemos.<br \/>\nLas cookies de terceros de utilizamos para estos fines son las siguientes:<\/p>\n<table width=\"720\">\n<tbody>\n<tr>\n<td width=\"88\"><strong>ORIGEN COOKIES<\/strong><\/td>\n<td width=\"62\"><strong>ORIGEN DATOS<\/strong><\/td>\n<td width=\"89\"><strong>NOMBRE<\/strong><\/td>\n<td width=\"179\"><strong>CATEGOR\u00cdAS DE DATOS<\/strong><\/td>\n<td width=\"104\"><strong>DESTINATARIOS<\/strong><\/td>\n<td width=\"104\"><strong>FINALIDADES<\/strong><\/td>\n<td width=\"95\"><strong>DURACI\u00d3N<\/strong><\/td>\n<\/tr>\n<tr>\n<td width=\"88\">Google<\/td>\n<td width=\"62\">Usuario<\/td>\n<td width=\"89\">_ga<\/td>\n<td width=\"179\">Tr\u00e1fico\/Naveg- aci\u00f3n<\/td>\n<td width=\"104\">Google Analytics<\/td>\n<td width=\"104\">Cookie de terceros utilizada para rastrear visitas. Esta cookie no contiene ninguna informaci\u00f3n personal<\/td>\n<td width=\"95\">2 a\u00f1os<\/td>\n<\/tr>\n<tr>\n<td width=\"88\">Google<\/td>\n<td width=\"62\">Usuario<\/td>\n<td width=\"89\">_ga<\/td>\n<td width=\"179\">Tr\u00e1fico\/Navegaci\u00f3 n<\/td>\n<td width=\"104\">Google Analytics<\/td>\n<td width=\"104\">Controlar la tasa de peticiones.<\/td>\n<td width=\"95\">24 horas<\/td>\n<\/tr>\n<tr>\n<td width=\"88\">Google<\/td>\n<td width=\"62\">Usuario<\/td>\n<td width=\"89\">_ga<\/td>\n<td width=\"179\">Tr\u00e1fico\/Navegaci\u00f3 n<\/td>\n<td width=\"104\">Google Analytics<\/td>\n<td width=\"104\">Cookie de seguimiento de terceros utilizada para distinguir usuarios.<\/td>\n<td width=\"95\">\u00a024 horas<\/td>\n<\/tr>\n<\/tbody>\n<\/table>\n<p>\u25cf Publicitarias comportamentales: son aquellas que, tratadas por nosotros o por terceros, nos permiten analizar sus h\u00e1bitos de navegaci\u00f3n en Internet para que podamos mostrarle publicidad relacionada con su perfil de navegaci\u00f3n.<br \/>\n\u25cf Cookies de webs de terceros: las cookies de terceros son aquellas que han sido configuradas por un tercero, ajeno a nosotros, con finalidades como recabar informaci\u00f3n sobre comportamiento de los usuarios, datos demogr\u00e1ficos, o personalizar contenido publicitario. Mediante el uso de nuestra web puede que encuentres contenido embebido, como v\u00eddeos o enlaces a entornos de terceros que tienen sus propias cookies, como por ejemplo p\u00e1ginas de encuestas, o pasarelas de pago, sobre las que no tenemos control alguno.<\/p>\n<h4><strong>2.4 \u00bfC\u00f3mo puede cambiar la configuraci\u00f3n de las cookies y rechazar o deshabilitar las cookies?<\/strong><\/h4>\n<p>En cualquier momento, puede retirar su consentimiento para que se utilicen cookies haciendo clic en el siguiente enlace: rechazar cualquier cookie.<br \/>\nAdem\u00e1s, el Usuario puede encontrar c\u00f3mo gestionar las cookies en los navegadores m\u00e1s comunes en los enlaces que se muestran a continuaci\u00f3n:<\/p>\n<p>\u25cf <a href=\"https:\/\/support.microsoft.com\/en-us\/windows\/microsoft-edge-browsing-data-and-privacy-bb8174ba-9d73-dcf2-9b4a-c582b4e640dd\">Microsoft Edge<\/a><br \/>\n\u25cf <a href=\"https:\/\/support.google.com\/chrome\/answer\/95647?hl=es\">Google Chrome<\/a><br \/>\n\u25cf <a href=\"https:\/\/support.google.com\/chrome\/answer\/114662?hl=es&amp;visit_id=636881826684732131-2972227226&amp;rd=1\">Google Android<\/a><br \/>\n\u25cf <a href=\"https:\/\/support.microsoft.com\/en-us\/topic\/delete-and-manage-cookies-168dab11-0753-043d-7c16-ede5947fc64d\">Internet Explorer<\/a><br \/>\n\u25cf <a href=\"https:\/\/support.mozilla.org\/es\/kb\/habilitar-y-deshabilitar-cookies-sitios-web-rastrear-preferencias?redirectlocale=es&amp;redirectslug=habilitar-y-deshabilitar-cookies-que-los-sitios-we\">Mozilla Firefox<\/a><br \/>\n\u25cf <a href=\"https:\/\/help.opera.com\/en\/latest\/web-preferences\/\">Opera<\/a><br \/>\n\u25cf <a href=\"https:\/\/support.apple.com\/es-es\/guide\/safari\/sfri11471\/mac\">Safari<\/a><br \/>\n\u25cf <a href=\"https:\/\/support.apple.com\/es-es\/HT201265\">Safari (iOS)<\/a><\/p>\n<p>Para encontrar la informaci\u00f3n relativa a otros buscadores visite el sitio web del desarrollador de dicho navegador.<\/p>\n\t\t<\/div>\n\t\t\t<\/div>\n\n\t\n<\/div>\n\t\t<\/div>\n\n\t\t\n<style>\n#section_1287623921 {\n  padding-top: 30px;\n  padding-bottom: 30px;\n}\n<\/style>\n\t<\/section>\n\t\n","protected":false},"excerpt":{"rendered":"","protected":false},"author":311,"featured_media":0,"parent":0,"menu_order":0,"comment_status":"closed","ping_status":"closed","template":"page-blank.php","meta":[],"yoast_head":"<!-- This site is optimized with the Yoast SEO plugin v18.2 - https:\/\/yoast.com\/wordpress\/plugins\/seo\/ -->\n<title>Politica de cookies -<\/title>\n<meta name=\"robots\" content=\"index, follow, max-snippet:-1, max-image-preview:large, max-video-preview:-1\" \/>\n<link rel=\"canonical\" href=\"https:\/\/proveil.es\/blog\/politica-de-cookies\/\" \/>\n<meta property=\"og:locale\" content=\"es_ES\" \/>\n<meta property=\"og:type\" content=\"article\" \/>\n<meta property=\"og:title\" content=\"Politica de cookies -\" \/>\n<meta property=\"og:url\" content=\"https:\/\/proveil.es\/blog\/politica-de-cookies\/\" \/>\n<meta property=\"article:modified_time\" content=\"2021-04-26T10:20:46+00:00\" \/>\n<meta property=\"og:image\" content=\"https:\/\/proveil.es\/blog\/wp-content\/uploads\/2020\/09\/proveil-social.jpg\" \/>\n\t<meta property=\"og:image:width\" content=\"400\" \/>\n\t<meta property=\"og:image:height\" content=\"200\" \/>\n\t<meta property=\"og:image:type\" content=\"image\/jpeg\" \/>\n<meta name=\"twitter:card\" content=\"summary\" \/>\n<meta name=\"twitter:site\" content=\"@bioinicia\" \/>\n<meta name=\"twitter:label1\" content=\"Tiempo de lectura\" \/>\n\t<meta name=\"twitter:data1\" content=\"6 minutos\" \/>\n<script type=\"application\/ld+json\" class=\"yoast-schema-graph\">{\"@context\":\"https:\/\/schema.org\",\"@graph\":[{\"@type\":\"Organization\",\"@id\":\"https:\/\/proveil.es\/blog\/#organization\",\"name\":\"BioInicia\",\"url\":\"https:\/\/proveil.es\/blog\/\",\"sameAs\":[\"https:\/\/www.instagram.com\/bioinicia\/?hl=en\",\"https:\/\/www.linkedin.com\/company\/2715089\/admin\/\",\"https:\/\/www.youtube.com\/channel\/UC_nDbEcrhtLCtfjTTZDe-AQ\/videos\",\"https:\/\/twitter.com\/bioinicia\"],\"logo\":{\"@type\":\"ImageObject\",\"@id\":\"https:\/\/proveil.es\/blog\/#logo\",\"inLanguage\":\"es\",\"url\":\"https:\/\/proveil.es\/blog\/wp-content\/uploads\/2020\/09\/proveil-social.jpg\",\"contentUrl\":\"https:\/\/proveil.es\/blog\/wp-content\/uploads\/2020\/09\/proveil-social.jpg\",\"width\":400,\"height\":200,\"caption\":\"BioInicia\"},\"image\":{\"@id\":\"https:\/\/proveil.es\/blog\/#logo\"}},{\"@type\":\"WebSite\",\"@id\":\"https:\/\/proveil.es\/blog\/#website\",\"url\":\"https:\/\/proveil.es\/blog\/\",\"name\":\"\",\"description\":\"\",\"publisher\":{\"@id\":\"https:\/\/proveil.es\/blog\/#organization\"},\"potentialAction\":[{\"@type\":\"SearchAction\",\"target\":{\"@type\":\"EntryPoint\",\"urlTemplate\":\"https:\/\/proveil.es\/blog\/?s={search_term_string}\"},\"query-input\":\"required name=search_term_string\"}],\"inLanguage\":\"es\"},{\"@type\":\"WebPage\",\"@id\":\"https:\/\/proveil.es\/blog\/politica-de-cookies\/#webpage\",\"url\":\"https:\/\/proveil.es\/blog\/politica-de-cookies\/\",\"name\":\"Politica de cookies -\",\"isPartOf\":{\"@id\":\"https:\/\/proveil.es\/blog\/#website\"},\"datePublished\":\"2020-09-04T14:20:16+00:00\",\"dateModified\":\"2021-04-26T10:20:46+00:00\",\"breadcrumb\":{\"@id\":\"https:\/\/proveil.es\/blog\/politica-de-cookies\/#breadcrumb\"},\"inLanguage\":\"es\",\"potentialAction\":[{\"@type\":\"ReadAction\",\"target\":[\"https:\/\/proveil.es\/blog\/politica-de-cookies\/\"]}]},{\"@type\":\"BreadcrumbList\",\"@id\":\"https:\/\/proveil.es\/blog\/politica-de-cookies\/#breadcrumb\",\"itemListElement\":[{\"@type\":\"ListItem\",\"position\":1,\"name\":\"Portada\",\"item\":\"https:\/\/proveil.es\/blog\/\"},{\"@type\":\"ListItem\",\"position\":2,\"name\":\"Politica de cookies\"}]}]}<\/script>\n<!-- \/ Yoast SEO plugin. -->","yoast_head_json":{"title":"Politica de cookies -","robots":{"index":"index","follow":"follow","max-snippet":"max-snippet:-1","max-image-preview":"max-image-preview:large","max-video-preview":"max-video-preview:-1"},"canonical":"https:\/\/proveil.es\/blog\/politica-de-cookies\/","og_locale":"es_ES","og_type":"article","og_title":"Politica de cookies -","og_url":"https:\/\/proveil.es\/blog\/politica-de-cookies\/","article_modified_time":"2021-04-26T10:20:46+00:00","og_image":[{"width":400,"height":200,"url":"https:\/\/proveil.es\/blog\/wp-content\/uploads\/2020\/09\/proveil-social.jpg","type":"image\/jpeg"}],"twitter_card":"summary","twitter_site":"@bioinicia","twitter_misc":{"Tiempo de lectura":"6 minutos"},"schema":{"@context":"https:\/\/schema.org","@graph":[{"@type":"Organization","@id":"https:\/\/proveil.es\/blog\/#organization","name":"BioInicia","url":"https:\/\/proveil.es\/blog\/","sameAs":["https:\/\/www.instagram.com\/bioinicia\/?hl=en","https:\/\/www.linkedin.com\/company\/2715089\/admin\/","https:\/\/www.youtube.com\/channel\/UC_nDbEcrhtLCtfjTTZDe-AQ\/videos","https:\/\/twitter.com\/bioinicia"],"logo":{"@type":"ImageObject","@id":"https:\/\/proveil.es\/blog\/#logo","inLanguage":"es","url":"https:\/\/proveil.es\/blog\/wp-content\/uploads\/2020\/09\/proveil-social.jpg","contentUrl":"https:\/\/proveil.es\/blog\/wp-content\/uploads\/2020\/09\/proveil-social.jpg","width":400,"height":200,"caption":"BioInicia"},"image":{"@id":"https:\/\/proveil.es\/blog\/#logo"}},{"@type":"WebSite","@id":"https:\/\/proveil.es\/blog\/#website","url":"https:\/\/proveil.es\/blog\/","name":"","description":"","publisher":{"@id":"https:\/\/proveil.es\/blog\/#organization"},"potentialAction":[{"@type":"SearchAction","target":{"@type":"EntryPoint","urlTemplate":"https:\/\/proveil.es\/blog\/?s={search_term_string}"},"query-input":"required name=search_term_string"}],"inLanguage":"es"},{"@type":"WebPage","@id":"https:\/\/proveil.es\/blog\/politica-de-cookies\/#webpage","url":"https:\/\/proveil.es\/blog\/politica-de-cookies\/","name":"Politica de cookies -","isPartOf":{"@id":"https:\/\/proveil.es\/blog\/#website"},"datePublished":"2020-09-04T14:20:16+00:00","dateModified":"2021-04-26T10:20:46+00:00","breadcrumb":{"@id":"https:\/\/proveil.es\/blog\/politica-de-cookies\/#breadcrumb"},"inLanguage":"es","potentialAction":[{"@type":"ReadAction","target":["https:\/\/proveil.es\/blog\/politica-de-cookies\/"]}]},{"@type":"BreadcrumbList","@id":"https:\/\/proveil.es\/blog\/politica-de-cookies\/#breadcrumb","itemListElement":[{"@type":"ListItem","position":1,"name":"Portada","item":"https:\/\/proveil.es\/blog\/"},{"@type":"ListItem","position":2,"name":"Politica de cookies"}]}]}},"_links":{"self":[{"href":"https:\/\/proveil.es\/blog\/wp-json\/wp\/v2\/pages\/147"}],"collection":[{"href":"https:\/\/proveil.es\/blog\/wp-json\/wp\/v2\/pages"}],"about":[{"href":"https:\/\/proveil.es\/blog\/wp-json\/wp\/v2\/types\/page"}],"author":[{"embeddable":true,"href":"https:\/\/proveil.es\/blog\/wp-json\/wp\/v2\/users\/311"}],"replies":[{"embeddable":true,"href":"https:\/\/proveil.es\/blog\/wp-json\/wp\/v2\/comments?post=147"}],"version-history":[{"count":3,"href":"https:\/\/proveil.es\/blog\/wp-json\/wp\/v2\/pages\/147\/revisions"}],"predecessor-version":[{"id":114136,"href":"https:\/\/proveil.es\/blog\/wp-json\/wp\/v2\/pages\/147\/revisions\/114136"}],"wp:attachment":[{"href":"https:\/\/proveil.es\/blog\/wp-json\/wp\/v2\/media?parent=147"}],"curies":[{"name":"wp","href":"https:\/\/api.w.org\/{rel}","templated":true}]}}